{"id":2,"date":"2020-01-13T18:50:31","date_gmt":"2020-01-13T18:50:31","guid":{"rendered":"https:\/\/www.bwnaturecontrol.ca\/?page_id=2"},"modified":"2024-06-04T14:57:20","modified_gmt":"2024-06-04T14:57:20","slug":"page-d-exemple","status":"publish","type":"page","link":"https:\/\/www.bwnaturecontrol.ca\/fr\/","title":{"rendered":"Page d\u2019accueil"},"content":{"rendered":"<section class=\"top_container home\">\n<div class=\"container\">\n<div class=\"row\">\n<div class=\"col-lg-9 col-xl-7\">\n<div class=\"h1_div\">\n<div class=\"lc-block\">\n<div editable=\"rich\">\n<h1><strong>Services de contr\u00f4le d\u2019insectes et d\u2019animaux.<\/strong> Profitez de nos services de contr\u00f4le d\u2019insectes et d\u2019animaux \u00e0 Gatineau ou \u00e0 Ottawa<\/h1>\n<\/p><\/div>\n<\/p><\/div>\n<p><!-- \/lc-block --><\/p>\n<div class=\"lc-block\">\n<div lc-helper=\"shortcode\" class=\"live-shortcode d-flex flex-wrap flex-column flex-xl-row justify-content-start align-items-center align-items-lg-start\"><a class=\"btn contact\" href=\"https:\/\/www.bwnaturecontrol.ca\/fr\/contact\/\" aria-label=\"Contactez-nous\">Contactez-nous<\/a><\/div>\n<\/p><\/div>\n<p><!-- \/lc-block --><br \/>\n\t\t\t\t\t<!-- \/lc-block -->\n\t\t\t\t<\/div>\n<\/p><\/div>\n<p><!-- \/col -->\n\t\t<\/div>\n<\/p><\/div>\n<\/section>\n<section class=\"newbanner-container\">\n<div class=\"container\">\n<div class=\"row justify-content-center\">\n<div class=\"col\">\n<div class=\"lc-block\">\n<div editable=\"rich\">\n<h3>Traitement \u00e0 la chaleur pour punaise de lit<\/h3>\n<p>Nous offrons les traitements thermiques (chaleur) pour punaise de lit.<\/p>\n<\/p><\/div>\n<\/p><\/div>\n<p><!-- \/lc-block --><\/p>\n<div class=\"lc-block\">\n<div lc-helper=\"shortcode\" class=\"live-shortcode\"><a class=\"btn contact\" href=\"https:\/\/www.bwnaturecontrol.ca\/fr\/contact\/\" aria-label=\"Contactez-nous pour plus d&rsquo;information\">Contactez-nous pour plus d&rsquo;information<\/a><\/div>\n<\/p><\/div>\n<p><!-- \/lc-block -->\n\t\t\t<\/div>\n<p><!-- \/col -->\n\t\t<\/div>\n<\/p><\/div>\n<\/section>\n<section class=\"content_container\">\n<div class=\"container\">\n<div class=\"row\">\n<div class=\"col-xl-8 col-xxl-6 pr-5\">\n<div class=\"lc-block\">\n<div editable=\"rich\">\n<h2>Nous avons la solution.<\/h2>\n<h3>Extermination d\u2019insectes par bio pesticide \u00e0 Ottawa ou \u00e0 Gatineau?<\/h3>\n<p>Vous faites face \u00e0 une infestation d&rsquo;insectes ou \u00e0 des intrusions d&rsquo;animaux \u00e0 Ottawa ou dans les environs de Gatineau? N&rsquo;h\u00e9sitez pas \u00e0 contacter BW Nature control. Nous sommes l\u00e0 pour vous offrir des solutions adapt\u00e9es \u00e0 vos besoins.<\/p>\n<p>Chez BW Nature control, notre \u00e9quipe d&rsquo;experts est \u00e0 votre disposition pour r\u00e9pondre \u00e0 toutes vos questions et vous garantir des m\u00e9thodes s\u00fbres qui prot\u00e9geront votre famille et l&rsquo;environnement. Nous utilisons des biopesticides, respectueux de l&rsquo;environnement et sans danger pour la sant\u00e9, afin de traiter les probl\u00e8mes d&rsquo;infestation.<\/p>\n<p>BW Nature control est \u00e9galement engag\u00e9 dans la protection des esp\u00e8ces, c&rsquo;est pourquoi nous proposons une gamme de services vari\u00e9s, adapt\u00e9s \u00e0 chaque situation. Que ce soit pour l&rsquo;extermination, la r\u00e9habilitation de la faune urbaine, l&rsquo;exclusion, l&rsquo;isolation et bien plus encore, notre expertise et notre connaissance approfondie des animaux nous permettent d&rsquo;adopter la bonne approche.<\/p>\n<p>Pour lutter contre les punaises de lit, nous utilisons des biopesticides afin de garantir la sant\u00e9 de nos clients et de pr\u00e9server l&rsquo;environnement.<\/p>\n<p>Pour tous vos besoins de contr\u00f4le de la faune urbaine \u00e0 Ottawa ou Gatineau, contactez BW Nature Control d\u00e8s aujourd&rsquo;hui.<\/p>\n<\/p><\/div>\n<\/p><\/div>\n<p><!-- \/lc-block --><\/p>\n<div class=\"lc-block\">\n<div lc-helper=\"shortcode\" class=\"live-shortcode\"><a class=\"btn contact\" href=\"https:\/\/www.bwnaturecontrol.ca\/fr\/contact\/\" aria-label=\"Faites appel \u00e0 nous\">Faites appel \u00e0 nous<\/a><\/div>\n<\/p><\/div>\n<p><!-- \/lc-block -->\n\t\t\t<\/div>\n<p><!-- \/col --><\/p>\n<div class=\"col-xl-4 col-xxl-6 d-none d-xl-block pl-0\">\n<div class=\"lc-block side-img home\">\n\t\t\t\t\t<picture><source srcset=\"https:\/\/www.bwnaturecontrol.ca\/wp-content\/uploads\/2022\/12\/souris.webp\" type=\"image\/webp\"><img decoding=\"async\" loading=\"lazy\" class=\"img-fluid wp-image-994 jetpack-lazy-image\" src=\"https:\/\/www.bwnaturecontrol.ca\/wp-content\/uploads\/2022\/12\/souris.jpg\" alt=\"\" width=\"964\" height=\"609\" data-lazy-srcset=\"https:\/\/www.bwnaturecontrol.ca\/wp-content\/uploads\/2022\/12\/souris.jpg 964w, https:\/\/www.bwnaturecontrol.ca\/wp-content\/uploads\/2022\/12\/souris-300x190.jpg 300w, https:\/\/www.bwnaturecontrol.ca\/wp-content\/uploads\/2022\/12\/souris-768x485.jpg 768w, https:\/\/www.bwnaturecontrol.ca\/wp-content\/uploads\/2022\/12\/souris-310x196.jpg 310w\" data-lazy-sizes=\"(max-width: 964px) 100vw, 964px\" data-lazy-src=\"https:\/\/www.bwnaturecontrol.ca\/wp-content\/uploads\/2022\/12\/souris.jpg?is-pending-load=1\" srcset=\"data:image\/gif;base64,R0lGODlhAQABAIAAAAAAAP\/\/\/yH5BAEAAAAALAAAAAABAAEAAAIBRAA7\"><\/picture><noscript><picture><source srcset=\"https:\/\/www.bwnaturecontrol.ca\/wp-content\/uploads\/2022\/12\/souris.webp\" type=\"image\/webp\"><img decoding=\"async\" loading=\"lazy\" data-lazy-fallback=\"1\" class=\"img-fluid wp-image-994\" src=\"https:\/\/www.bwnaturecontrol.ca\/wp-content\/uploads\/2022\/12\/souris.jpg\" srcset=\"https:\/\/www.bwnaturecontrol.ca\/wp-content\/uploads\/2022\/12\/souris.jpg 964w, https:\/\/www.bwnaturecontrol.ca\/wp-content\/uploads\/2022\/12\/souris-300x190.jpg 300w, https:\/\/www.bwnaturecontrol.ca\/wp-content\/uploads\/2022\/12\/souris-768x485.jpg 768w, https:\/\/www.bwnaturecontrol.ca\/wp-content\/uploads\/2022\/12\/souris-310x196.jpg 310w\" sizes=\"(max-width: 964px) 100vw, 964px\" alt=\"\" width=\"964\" height=\"609\"><\/picture><\/noscript>\n\t\t\t\t<\/div>\n<p><!-- \/lc-block -->\n\t\t\t<\/div>\n<p><!-- \/col -->\n\t\t<\/div>\n<\/p><\/div>\n<\/section>\n","protected":false},"excerpt":{"rendered":"<p>Services de contr\u00f4le d\u2019insectes et d\u2019animaux. Profitez de nos services de contr\u00f4le d\u2019insectes et d\u2019animaux \u00e0 Gatineau ou \u00e0 Ottawa Traitement \u00e0 la chaleur pour punaise de lit Nous offrons les traitements thermiques (chaleur) pour punaise de lit. Nous avons la solution. Extermination d\u2019insectes par bio pesticide \u00e0 Ottawa ou \u00e0 Gatineau? Vous faites face [&hellip;]<\/p>\n","protected":false},"author":1,"featured_media":0,"parent":0,"menu_order":0,"comment_status":"closed","ping_status":"open","template":"","meta":[],"_links":{"self":[{"href":"https:\/\/www.bwnaturecontrol.ca\/fr\/wp-json\/wp\/v2\/pages\/2"}],"collection":[{"href":"https:\/\/www.bwnaturecontrol.ca\/fr\/wp-json\/wp\/v2\/pages"}],"about":[{"href":"https:\/\/www.bwnaturecontrol.ca\/fr\/wp-json\/wp\/v2\/types\/page"}],"author":[{"embeddable":true,"href":"https:\/\/www.bwnaturecontrol.ca\/fr\/wp-json\/wp\/v2\/users\/1"}],"replies":[{"embeddable":true,"href":"https:\/\/www.bwnaturecontrol.ca\/fr\/wp-json\/wp\/v2\/comments?post=2"}],"version-history":[{"count":49,"href":"https:\/\/www.bwnaturecontrol.ca\/fr\/wp-json\/wp\/v2\/pages\/2\/revisions"}],"predecessor-version":[{"id":1609,"href":"https:\/\/www.bwnaturecontrol.ca\/fr\/wp-json\/wp\/v2\/pages\/2\/revisions\/1609"}],"wp:attachment":[{"href":"https:\/\/www.bwnaturecontrol.ca\/fr\/wp-json\/wp\/v2\/media?parent=2"}],"curies":[{"name":"wp","href":"https:\/\/api.w.org\/{rel}","templated":true}]}}