{"id":15,"date":"2020-01-13T20:04:20","date_gmt":"2020-01-13T20:04:20","guid":{"rendered":"https:\/\/www.bwnaturecontrol.ca\/?page_id=15"},"modified":"2024-06-04T14:49:07","modified_gmt":"2024-06-04T14:49:07","slug":"contact","status":"publish","type":"page","link":"https:\/\/www.bwnaturecontrol.ca\/fr\/contact\/","title":{"rendered":"Contact"},"content":{"rendered":"<section class=\"top_container home\">\n<div class=\"container\">\n<div class=\"row\">\n<div class=\"col-lg-7\">\n<div class=\"h1_div\">\n<div class=\"lc-block\">\n<div editable=\"rich\">\n<h1><strong>Services de contr\u00f4le des animaux.<\/strong> Avez-vous besoin d\u2019une \u00e9quipe sp\u00e9cialis\u00e9e en contr\u00f4le de la faune&nbsp;? Avez-vous des questions&nbsp;? Contactez\u2011nous d\u00e8s aujourd\u2019hui et b\u00e9n\u00e9ficiez de nos services&nbsp;!<\/h1>\n<\/p><\/div>\n<\/p><\/div>\n<p><!-- \/lc-block -->\n\t\t\t\t<\/div>\n<\/p><\/div>\n<p><!-- \/col -->\n\t\t<\/div>\n<\/p><\/div>\n<\/section>\n<section class=\"content_container contact_container\">\n<div class=\"container\">\n<div class=\"row\">\n<div class=\"col-lg-5 d-none d-lg-block\">\n<div class=\"lc-block side-solution\">\n<div editable=\"rich\">\n<p>Nous avons <br \/>la solution.<\/p>\n<\/p><\/div>\n<\/p><\/div>\n<p><!-- \/lc-block --><br \/>\n\t\t\t\t<!-- \/lc-block -->\n\t\t\t<\/div>\n<p><!-- \/col --><\/p>\n<div class=\"col-lg-7\">\n<div class=\"lc-block\">\n<div lc-helper=\"shortcode\" class=\"live-shortcode\"><div role=\"form\" class=\"wpcf7\" id=\"wpcf7-f5-o1\" lang=\"fr-FR\" dir=\"ltr\">\n<div class=\"screen-reader-response\"><p role=\"status\" aria-live=\"polite\" aria-atomic=\"true\"><\/p> <ul><\/ul><\/div>\n<form action=\"\/fr\/wp-json\/wp\/v2\/pages\/15#wpcf7-f5-o1\" method=\"post\" class=\"wpcf7-form init\" novalidate=\"novalidate\" data-status=\"init\">\n<div style=\"display: none;\">\n<input type=\"hidden\" name=\"_wpcf7\" value=\"5\" \/>\n<input type=\"hidden\" name=\"_wpcf7_version\" value=\"5.6.4\" \/>\n<input type=\"hidden\" name=\"_wpcf7_locale\" value=\"fr_FR\" \/>\n<input type=\"hidden\" name=\"_wpcf7_unit_tag\" value=\"wpcf7-f5-o1\" \/>\n<input type=\"hidden\" name=\"_wpcf7_container_post\" value=\"0\" \/>\n<input type=\"hidden\" name=\"_wpcf7_posted_data_hash\" value=\"\" \/>\n<input type=\"hidden\" name=\"_wpcf7_recaptcha_response\" value=\"\" \/>\n<\/div>\n<div class=\"theForm\">\n<p class=\"titre\">Contactez-nous<\/p>\n<div class='column d-flex flex-wrap align-items-center'>\n    <label for='your-sujet'>Type de parasites *<\/label><br \/>\n    <span class=\"wpcf7-form-control-wrap\" data-name=\"your-parasite\"><select name=\"your-parasite\" class=\"wpcf7-form-control wpcf7-select wpcf7-validates-as-required\" id=\"your-parasite\" aria-required=\"true\" aria-invalid=\"false\"><option value=\"\">---<\/option><option value=\"Rongeurs\">Rongeurs<\/option><option value=\"Insectes\">Insectes<\/option><option value=\"Oiseaux\">Oiseaux<\/option><option value=\"Animaux\">Animaux<\/option><\/select><\/span>\n  <\/div>\n<div class='column d-flex flex-wrap align-items-center'>\n    <label for='your-name'>Nom complet *<\/label><br \/>\n    <span class=\"wpcf7-form-control-wrap\" data-name=\"your-name\"><input type=\"text\" name=\"your-name\" value=\"\" size=\"40\" class=\"wpcf7-form-control wpcf7-text wpcf7-validates-as-required\" id=\"your-name\" aria-required=\"true\" aria-invalid=\"false\" \/><\/span>\n  <\/div>\n<div class='column d-flex flex-wrap align-items-center'>\n    <label for='your-email'>Courriel *<\/label><br \/>\n    <span class=\"wpcf7-form-control-wrap\" data-name=\"your-email\"><input type=\"email\" name=\"your-email\" value=\"\" size=\"40\" class=\"wpcf7-form-control wpcf7-text wpcf7-email wpcf7-validates-as-required wpcf7-validates-as-email\" id=\"your-email\" aria-required=\"true\" aria-invalid=\"false\" \/><\/span>\n  <\/div>\n<div class='column d-flex flex-wrap align-items-center'>\n    <label for='your-tel'>T\u00e9l\u00e9phone *<\/label><br \/>\n    <span class=\"wpcf7-form-control-wrap\" data-name=\"your-tel\"><input type=\"tel\" name=\"your-tel\" value=\"\" size=\"40\" class=\"wpcf7-form-control wpcf7-text wpcf7-tel wpcf7-validates-as-required wpcf7-validates-as-tel\" id=\"your-tel\" aria-required=\"true\" aria-invalid=\"false\" \/><\/span>\n  <\/div>\n<div class='column d-flex flex-wrap align-items-start'>\n    <label for='your-address'>Adresse<\/label><br \/>\n    <span class=\"wpcf7-form-control-wrap\" data-name=\"your-address\"><input type=\"text\" name=\"your-address\" value=\"\" size=\"40\" class=\"wpcf7-form-control wpcf7-text\" id=\"your-address\" aria-invalid=\"false\" \/><\/span>\n  <\/div>\n<div class='column d-flex flex-wrap align-items-start'>\n    <label for='your-message'>Message *<\/label><br \/>\n    <span class=\"wpcf7-form-control-wrap\" data-name=\"your-message\"><textarea name=\"your-message\" cols=\"40\" rows=\"5\" class=\"wpcf7-form-control wpcf7-textarea wpcf7-validates-as-required\" id=\"your-message\" aria-required=\"true\" aria-invalid=\"false\"><\/textarea><\/span>\n  <\/div>\n<div class=\"column d-flex flex-wrap align-items-center justify-content-end\">\n<div class=\"conditions\">\n<p>Ce site est prot\u00e9g\u00e9 par reCAPTCHA et Google <a href=\"https:\/\/policies.google.com\/privacy\" rel=\"noopener nofollow\" target=\"_blank\">Politique de confidentialit\u00e9<\/a> et les&nbsp;<a href=\"https:\/\/policies.google.com\/terms\" rel=\"noopener nofollow\" target=\"_blank\">Conditions d'utilisation<\/a> s'appliquent.<\/p>\n<\/div>\n<\/div>\n<div class=\"column d-flex flex-wrap align-items-center justify-content-end\">\n    <span class=\"wpcf7-form-control-wrap\" data-name=\"confEmail\"><input type=\"text\" name=\"confEmail\" value=\"\" size=\"40\" class=\"wpcf7-form-control wpcf7-text\" id=\"confEmail\" aria-invalid=\"false\" \/><\/span><input type=\"submit\" value=\"Submit\" class=\"wpcf7-form-control has-spinner wpcf7-submit btn contact fr rouge-bg white-text\" \/>\n  <\/div>\n<\/div>\n\n<!-- CF7MSM -->\n<div style='display:none;'><input type=\"hidden\" name=\"_cf7msm_multistep_tag\" value=\"{&quot;last_step&quot;:1,&quot;send_email&quot;:1}\" class=\"wpcf7-form-control cf7msm-multistep wpcf7-multistep\" \/><input type=\"hidden\" name=\"cf7msm-no-ss\" value=\"\" \/><\/div>\n<!-- End CF7MSM -->\n\n<div class=\"wpcf7-response-output\" aria-hidden=\"true\"><\/div><\/form><\/div><\/div>\n<\/p><\/div>\n<p><!-- \/lc-block -->\n\t\t\t<\/div>\n<p><!-- \/col -->\n\t\t<\/div>\n<\/p><\/div>\n<\/section>\n","protected":false},"excerpt":{"rendered":"<p>Services de contr\u00f4le des animaux. Avez-vous besoin d\u2019une \u00e9quipe sp\u00e9cialis\u00e9e en contr\u00f4le de la faune&nbsp;? Avez-vous des questions&nbsp;? Contactez\u2011nous d\u00e8s aujourd\u2019hui et b\u00e9n\u00e9ficiez de nos services&nbsp;! Nous avons la solution.<\/p>\n","protected":false},"author":1,"featured_media":0,"parent":0,"menu_order":0,"comment_status":"closed","ping_status":"closed","template":"","meta":[],"_links":{"self":[{"href":"https:\/\/www.bwnaturecontrol.ca\/fr\/wp-json\/wp\/v2\/pages\/15"}],"collection":[{"href":"https:\/\/www.bwnaturecontrol.ca\/fr\/wp-json\/wp\/v2\/pages"}],"about":[{"href":"https:\/\/www.bwnaturecontrol.ca\/fr\/wp-json\/wp\/v2\/types\/page"}],"author":[{"embeddable":true,"href":"https:\/\/www.bwnaturecontrol.ca\/fr\/wp-json\/wp\/v2\/users\/1"}],"replies":[{"embeddable":true,"href":"https:\/\/www.bwnaturecontrol.ca\/fr\/wp-json\/wp\/v2\/comments?post=15"}],"version-history":[{"count":7,"href":"https:\/\/www.bwnaturecontrol.ca\/fr\/wp-json\/wp\/v2\/pages\/15\/revisions"}],"predecessor-version":[{"id":1074,"href":"https:\/\/www.bwnaturecontrol.ca\/fr\/wp-json\/wp\/v2\/pages\/15\/revisions\/1074"}],"wp:attachment":[{"href":"https:\/\/www.bwnaturecontrol.ca\/fr\/wp-json\/wp\/v2\/media?parent=15"}],"curies":[{"name":"wp","href":"https:\/\/api.w.org\/{rel}","templated":true}]}}