{"id":11,"date":"2020-01-13T19:56:55","date_gmt":"2020-01-13T19:56:55","guid":{"rendered":"https:\/\/www.bwnaturecontrol.ca\/?page_id=11"},"modified":"2024-06-04T14:59:47","modified_gmt":"2024-06-04T14:59:47","slug":"produits","status":"publish","type":"page","link":"https:\/\/www.bwnaturecontrol.ca\/fr\/produits\/","title":{"rendered":"Produits"},"content":{"rendered":"<section class=\"top_container produits\">\n<div class=\"container\">\n<div class=\"row\">\n<div class=\"col-lg-7 col-xl-6 col-xxl-4\">\n<div class=\"h1_div\">\n<div class=\"lc-block\">\n<div editable=\"rich\">\n<h1><strong>Services de contr\u00f4le d&rsquo;insecte et animaux. <\/strong>Procurez-vous nos produits disponibles \u00e0 Ottawa et \u00e0 Gatineau<\/h1>\n<\/p><\/div>\n<\/p><\/div>\n<p><!-- \/lc-block --><\/p>\n<div class=\"lc-block\">\n<div lc-helper=\"shortcode\" class=\"live-shortcode d-flex flex-wrap flex-column flex-xl-row justify-content-start align-items-center align-items-lg-start\"><a class=\"btn contact\" href=\"https:\/\/www.bwnaturecontrol.ca\/fr\/contact\/\" aria-label=\"Contactez-nous\">Contactez-nous<\/a><\/div>\n<\/p><\/div>\n<p><!-- \/lc-block -->\n\t\t\t\t<\/div>\n<\/p><\/div>\n<p><!-- \/col -->\n\t\t<\/div>\n<\/p><\/div>\n<\/section>\n<section class=\"content_container\">\n<div class=\"container\">\n<div class=\"row\">\n<div class=\"col-xl-8 col-xxl-6 pr-5\">\n<div class=\"lc-block\">\n<div editable=\"rich\">\n<h2>Nous avons la solution.<\/h2>\n<h3>Nous vous proposons une vari\u00e9t\u00e9 de produits tels que des insecticides et des \u00e9liminateurs d\u2019odeur pour vous d\u00e9barrasser des bestioles et insectes \u00e0 Ottawa et \u00e0 Gatineau<\/h3>\n<\/p>\n<p>Chez BW Nature Control, nous vous proposons l&rsquo;utilisation de nos insecticides, distributeurs automatiques et \u00e9liminateurs d\u2019odeurs, vous offrant ainsi des solutions pratiques en attendant l&rsquo;intervention de professionnels pour finaliser le travail. <\/p>\n<\/p><\/div>\n<\/p><\/div>\n<p><!-- \/lc-block --><\/p>\n<div class=\"lc-block\">\n<div lc-helper=\"shortcode\" class=\"live-shortcode\"><a class=\"btn contact dark-green\" href=\"https:\/\/www.bwnaturecontrol.ca\/fr\/contact\/\" aria-label=\"Faites appel \u00e0 nous\">Faites appel \u00e0 nous<\/a><\/div>\n<\/p><\/div>\n<p><!-- \/lc-block -->\n\t\t\t<\/div>\n<p><!-- \/col --><\/p>\n<div class=\"col-xl-4 col-xxl-6 d-none d-xl-block pl-0\">\n<div class=\"lc-block side-img home\">\n\t\t\t\t\t<picture><source srcset=\"https:\/\/www.bwnaturecontrol.ca\/wp-content\/uploads\/2022\/12\/souris.webp\" type=\"image\/webp\"><img decoding=\"async\" loading=\"lazy\" class=\"img-fluid wp-image-994 jetpack-lazy-image\" src=\"https:\/\/www.bwnaturecontrol.ca\/wp-content\/uploads\/2022\/12\/souris.jpg\" alt=\"\" width=\"964\" height=\"609\" data-lazy-srcset=\"https:\/\/www.bwnaturecontrol.ca\/wp-content\/uploads\/2022\/12\/souris.jpg 964w, https:\/\/www.bwnaturecontrol.ca\/wp-content\/uploads\/2022\/12\/souris-300x190.jpg 300w, https:\/\/www.bwnaturecontrol.ca\/wp-content\/uploads\/2022\/12\/souris-768x485.jpg 768w, https:\/\/www.bwnaturecontrol.ca\/wp-content\/uploads\/2022\/12\/souris-310x196.jpg 310w\" data-lazy-sizes=\"(max-width: 964px) 100vw, 964px\" data-lazy-src=\"https:\/\/www.bwnaturecontrol.ca\/wp-content\/uploads\/2022\/12\/souris.jpg?is-pending-load=1\" srcset=\"data:image\/gif;base64,R0lGODlhAQABAIAAAAAAAP\/\/\/yH5BAEAAAAALAAAAAABAAEAAAIBRAA7\"><\/picture><noscript><picture><source srcset=\"https:\/\/www.bwnaturecontrol.ca\/wp-content\/uploads\/2022\/12\/souris.webp\" type=\"image\/webp\"><img decoding=\"async\" loading=\"lazy\" data-lazy-fallback=\"1\" class=\"img-fluid wp-image-994\" src=\"https:\/\/www.bwnaturecontrol.ca\/wp-content\/uploads\/2022\/12\/souris.jpg\" srcset=\"https:\/\/www.bwnaturecontrol.ca\/wp-content\/uploads\/2022\/12\/souris.jpg 964w, https:\/\/www.bwnaturecontrol.ca\/wp-content\/uploads\/2022\/12\/souris-300x190.jpg 300w, https:\/\/www.bwnaturecontrol.ca\/wp-content\/uploads\/2022\/12\/souris-768x485.jpg 768w, https:\/\/www.bwnaturecontrol.ca\/wp-content\/uploads\/2022\/12\/souris-310x196.jpg 310w\" sizes=\"(max-width: 964px) 100vw, 964px\" alt=\"\" width=\"964\" height=\"609\"><\/picture><\/noscript>\n\t\t\t\t<\/div>\n<p><!-- \/lc-block -->\n\t\t\t<\/div>\n<p><!-- \/col -->\n\t\t<\/div>\n<\/p><\/div>\n<\/section>\n<section class=\"services_container\">\n<div class=\"container\">\n<div class=\"row\">\n<div class=\"col\">\n\t\t\t\t<!-- \/lc-block --><\/p>\n<div class=\"lc-block\">\n<div lc-helper=\"shortcode\" class=\"live-shortcode\"><div class=\"row\"><div class=\"col-12\"><div class=\"unProduit\"><h4 class=\"single_produit_titre\">Produits BVT<\/h4><div class=\"child_produits\"><div class=\"single_child_produit\"><h5>Distributeurs automatiques<\/h5><div class=\"child_produit_content\"><p>D\u00e9couvrez notre mod\u00e8le de s\u00e9rie de bases con\u00e7u pour vaporiser du produit insecticide \u00e0 toutes les 7,5 minutes. Chez BW Nature Control nous offrons aussi un mod\u00e8le enti\u00e8rement programmable, qui est offert avec un r\u00e9glage variable (vaporisation \u00e0 intervalles allant de 1 \u00e0 60 minutes). Finalement, BW Nature Control vend \u00e9galement un mod\u00e8le semi-programmable avec r\u00e9glage en trois options : vaporisation \u00e0 toutes les 3,5, \u00e0 toutes les 7,5 ou \u00e0 toutes les 15 minutes. Tous nos distributeurs automatiques sont commodes et se montent au mur ou se posent sur l'\u00e9tag\u00e8re.<\/p>\n<\/div><\/div><div class=\"single_child_produit\"><h5>\u00c9liminateurs d'odeur BVT<\/h5><div class=\"child_produit_content\"><p>BW Nature Control vous offre tout ce dont vous avez besoin pour le contr\u00f4le efficace des odeurs! Ces produits ont une vaporisation douce et s\u00e8che avec un parfum de calibre mondial, qui \u00e9limine les mauvaises odeurs au lieu de les masquer.<\/p>\n<\/div><\/div><div class=\"single_child_produit\"><h5>Insecticides<\/h5><div class=\"child_produit_content\"><p>Chez BW Nature Control nous offrons trois insecticides Konk contre les insectes volants, id\u00e9aux pour le contr\u00f4le des mouches, des moucherons et des moustiques pr\u00e9sents dans les r\u00e9gions de Gatineau et Ottawa. Tous contiennent de la pyr\u00e9thrine pour un effet-choc rapide. Utilisez-les avec le distributeur BVT pour une protection continue.<\/p>\n<\/div><\/div><\/div><\/a><\/div><\/div><div class=\"col-12\"><div class=\"unProduit\"><h4 class=\"single_produit_titre\">Produits CSA<\/h4><div class=\"child_produits\"><div class=\"single_child_produit\"><h5>Distributeurs automatiques<\/h5><div class=\"child_produit_content\"><p>BW Nature Control vous offre Air Guard qui est un leader mondial des distributeurs automatiques CSA, et vend des produits CSA dans plus de 35 pays, en plus d\u2019offrir une gamme compl\u00e8te de produits de contr\u00f4le d'odeurs et d'insectes volants.<\/p>\n<\/div><\/div><div class=\"single_child_produit\"><h5>Insecticides CSA<\/h5><div class=\"child_produit_content\"><p>BW Nature Control vous propose les insecticides CSA qui \u00e9liminent et r\u00e9duisent les populations de mouches, de br\u00fblots et de moustiques. Ils sont tout indiqu\u00e9s pour une utilisation dans les cr\u00e8meries, les \u00e9tables, les fermes, les conserveries, les brasseries et dans les usines de transformation alimentaire des r\u00e9gions de Gatineau et Ottawa, lorsqu'elles ne sont pas en service; aussi, elles sont efficaces dans les restaurants, les h\u00f4tels, les motels, les \u00e9coles ou tout autre endroit public de l\u2019Outaouais.<\/p>\n<\/div><\/div><\/div><\/a><\/div><\/div><\/div><\/div>\n<\/p><\/div>\n<p><!-- \/lc-block -->\n\t\t\t<\/div>\n<p><!-- \/col -->\n\t\t<\/div>\n<\/p><\/div>\n<\/section>\n","protected":false},"excerpt":{"rendered":"<p>Services de contr\u00f4le d&rsquo;insecte et animaux. Procurez-vous nos produits disponibles \u00e0 Ottawa et \u00e0 Gatineau Nous avons la solution. Nous vous proposons une vari\u00e9t\u00e9 de produits tels que des insecticides et des \u00e9liminateurs d\u2019odeur pour vous d\u00e9barrasser des bestioles et insectes \u00e0 Ottawa et \u00e0 Gatineau Chez BW Nature Control, nous vous proposons l&rsquo;utilisation de [&hellip;]<\/p>\n","protected":false},"author":1,"featured_media":0,"parent":0,"menu_order":0,"comment_status":"closed","ping_status":"closed","template":"","meta":[],"_links":{"self":[{"href":"https:\/\/www.bwnaturecontrol.ca\/fr\/wp-json\/wp\/v2\/pages\/11"}],"collection":[{"href":"https:\/\/www.bwnaturecontrol.ca\/fr\/wp-json\/wp\/v2\/pages"}],"about":[{"href":"https:\/\/www.bwnaturecontrol.ca\/fr\/wp-json\/wp\/v2\/types\/page"}],"author":[{"embeddable":true,"href":"https:\/\/www.bwnaturecontrol.ca\/fr\/wp-json\/wp\/v2\/users\/1"}],"replies":[{"embeddable":true,"href":"https:\/\/www.bwnaturecontrol.ca\/fr\/wp-json\/wp\/v2\/comments?post=11"}],"version-history":[{"count":17,"href":"https:\/\/www.bwnaturecontrol.ca\/fr\/wp-json\/wp\/v2\/pages\/11\/revisions"}],"predecessor-version":[{"id":1611,"href":"https:\/\/www.bwnaturecontrol.ca\/fr\/wp-json\/wp\/v2\/pages\/11\/revisions\/1611"}],"wp:attachment":[{"href":"https:\/\/www.bwnaturecontrol.ca\/fr\/wp-json\/wp\/v2\/media?parent=11"}],"curies":[{"name":"wp","href":"https:\/\/api.w.org\/{rel}","templated":true}]}}